{"id":16,"date":"2023-05-28T17:54:11","date_gmt":"2023-05-28T15:54:11","guid":{"rendered":"http:\/\/lehautmazot.fr\/?page_id=16"},"modified":"2025-11-22T16:05:20","modified_gmt":"2025-11-22T15:05:20","slug":"informations-generales","status":"publish","type":"page","link":"https:\/\/lehautmazot.fr\/index.php\/informations-generales\/","title":{"rendered":"Informations g\u00e9n\u00e9rales"},"content":{"rendered":"\n<p>Nouveau compteur Linky<\/p>\n\n\n\n<figure class=\"wp-block-image size-large\"><img loading=\"lazy\" decoding=\"async\" width=\"768\" height=\"1024\" src=\"https:\/\/lehautmazot.fr\/wp-content\/uploads\/2023\/05\/Heures-creuses-768x1024.jpg\" alt=\"\" class=\"wp-image-17\" srcset=\"https:\/\/lehautmazot.fr\/wp-content\/uploads\/2023\/05\/Heures-creuses-768x1024.jpg 768w, https:\/\/lehautmazot.fr\/wp-content\/uploads\/2023\/05\/Heures-creuses-225x300.jpg 225w, https:\/\/lehautmazot.fr\/wp-content\/uploads\/2023\/05\/Heures-creuses-1152x1536.jpg 1152w, https:\/\/lehautmazot.fr\/wp-content\/uploads\/2023\/05\/Heures-creuses-1536x2048.jpg 1536w, https:\/\/lehautmazot.fr\/wp-content\/uploads\/2023\/05\/Heures-creuses-scaled.jpg 1920w\" sizes=\"auto, (max-width: 768px) 100vw, 768px\" \/><\/figure>\n\n\n\n<figure class=\"wp-block-image size-large\"><img loading=\"lazy\" decoding=\"async\" width=\"768\" height=\"1024\" src=\"https:\/\/lehautmazot.fr\/wp-content\/uploads\/2023\/05\/Heures-pleines-768x1024.jpg\" alt=\"\" class=\"wp-image-18\" srcset=\"https:\/\/lehautmazot.fr\/wp-content\/uploads\/2023\/05\/Heures-pleines-768x1024.jpg 768w, https:\/\/lehautmazot.fr\/wp-content\/uploads\/2023\/05\/Heures-pleines-225x300.jpg 225w, https:\/\/lehautmazot.fr\/wp-content\/uploads\/2023\/05\/Heures-pleines-1152x1536.jpg 1152w, https:\/\/lehautmazot.fr\/wp-content\/uploads\/2023\/05\/Heures-pleines-1536x2048.jpg 1536w, https:\/\/lehautmazot.fr\/wp-content\/uploads\/2023\/05\/Heures-pleines-scaled.jpg 1920w\" sizes=\"auto, (max-width: 768px) 100vw, 768px\" \/><\/figure>\n\n\n\n<p>Pour acc\u00e9der aux donn\u00e9es (HP et HC):<\/p>\n\n\n\n<p>Appuyer une fois sur la touche + : \u00ab Heure pleine \u00bb appara\u00eet<\/p>\n\n\n\n<p>Puis appuyer deux fois sur la touche + : \u00ab Heure creuse \u00bb appara\u00eet<\/p>\n\n\n\n<p>(Laisser le compteur dans cet \u00e9tat, il se r\u00e9initialisera automatiquement)<\/p>\n\n\n\n<p><strong><em>Insert<\/em><\/strong><\/p>\n\n\n\n<ul class=\"wp-block-list\">\n<li><strong>Contrairement aux id\u00e9es re\u00e7ues, mieux vaut allumer le feu par le haut<\/strong> :<\/li>\n<\/ul>\n\n\n\n<ol start=\"1\" class=\"wp-block-list\">\n<li>Je d\u00e9pose en premier les b\u00fbches.<\/li>\n\n\n\n<li>Je dispose le petit bois par-dessus.<\/li>\n\n\n\n<li>J\u2019allume en m\u2019aidant d\u2019un allume-feu naturel (laine de bois ou bien rondelle de b\u00fbche densifi\u00e9e).<\/li>\n<\/ol>\n\n\n\n<ul class=\"wp-block-list\">\n<li><strong>Les fum\u00e9es g\u00e9n\u00e9r\u00e9es par la combustion sont capt\u00e9es<\/strong> et consum\u00e9es par les flammes qui les surplombent.<\/li>\n\n\n\n<li><strong>Allumer le feu par le haut permet de&nbsp;:<\/strong>\n<ul class=\"wp-block-list\">\n<li>Polluer moins.<\/li>\n\n\n\n<li>Allumer plus rapidement.<\/li>\n\n\n\n<li>Consommer moins de bois que la m\u00e9thode classique.<\/li>\n\n\n\n<li>&nbsp;<\/li>\n<\/ul>\n<\/li>\n\n\n\n<li><strong>Il faut que les flammes soient assez vives<\/strong>, sans \u00eatre aspir\u00e9es par le conduit de fum\u00e9es.<\/li>\n\n\n\n<li>Pour cela,&nbsp;<strong>je r\u00e8gle le tirage de mon appareil <\/strong>(c\u2019est-\u00e0-dire l\u2019aspiration d\u2019air dans le conduit) pour obtenir la meilleure combustion possible.\n<ul class=\"wp-block-list\">\n<li><strong>Ouvrez toutes les entr\u00e9es d\u2019air \u00e0 l\u2019allumage<\/strong> ou lors du rechargement.<\/li>\n\n\n\n<li><strong>R\u00e9duisez les entr\u00e9es d&#8217;air quand le feu a bien pris<\/strong>, sans jamais les fermer compl\u00e8tement,&nbsp;m\u00eame la nuit.<\/li>\n\n\n\n<li>Attention : <strong>une vitre encrass\u00e9e signale une mauvaise combustion<\/strong>. Pensez alors \u00e0 ouvrir les entr\u00e9es d\u2019air.<\/li>\n<\/ul>\n<\/li>\n\n\n\n<li><strong>Respectez les consignes de la notice de votre appareil<\/strong>. Tous les appareils ne fonctionnent pas de la m\u00eame mani\u00e8re. La notice fournie par le fabricant donne des indications pr\u00e9cises sur le chargement en combustible ou encore le r\u00e9glage du tirage.<\/li>\n<\/ul>\n\n\n\n<p><strong><em>Cuve de fuel enterr\u00e9e<\/em><\/strong><\/p>\n\n\n\n<p>Intervention le 18 novembre 2025 de la soci\u00e9t\u00e9 Natech pour la vidange, le d\u00e9gazage et la neutralisation de la cuve enterr\u00e9e (3000 litres) de fuel.<\/p>\n\n\n\n<figure class=\"wp-block-image size-full\"><img loading=\"lazy\" decoding=\"async\" width=\"800\" height=\"600\" src=\"https:\/\/lehautmazot.fr\/wp-content\/uploads\/2025\/11\/IMG-20251119-WA0003.jpg\" alt=\"\" class=\"wp-image-93\" srcset=\"https:\/\/lehautmazot.fr\/wp-content\/uploads\/2025\/11\/IMG-20251119-WA0003.jpg 800w, https:\/\/lehautmazot.fr\/wp-content\/uploads\/2025\/11\/IMG-20251119-WA0003-300x225.jpg 300w, https:\/\/lehautmazot.fr\/wp-content\/uploads\/2025\/11\/IMG-20251119-WA0003-768x576.jpg 768w\" sizes=\"auto, (max-width: 800px) 100vw, 800px\" \/><\/figure>\n\n\n\n<figure class=\"wp-block-image size-full\"><img loading=\"lazy\" decoding=\"async\" width=\"600\" height=\"800\" src=\"https:\/\/lehautmazot.fr\/wp-content\/uploads\/2025\/11\/IMG-20251119-WA0005.jpg\" alt=\"\" class=\"wp-image-94\" srcset=\"https:\/\/lehautmazot.fr\/wp-content\/uploads\/2025\/11\/IMG-20251119-WA0005.jpg 600w, https:\/\/lehautmazot.fr\/wp-content\/uploads\/2025\/11\/IMG-20251119-WA0005-225x300.jpg 225w\" sizes=\"auto, (max-width: 600px) 100vw, 600px\" \/><\/figure>\n\n\n\n<figure class=\"wp-block-image size-full\"><img loading=\"lazy\" decoding=\"async\" width=\"800\" height=\"600\" src=\"https:\/\/lehautmazot.fr\/wp-content\/uploads\/2025\/11\/IMG-20251119-WA0006.jpg\" alt=\"\" class=\"wp-image-95\" srcset=\"https:\/\/lehautmazot.fr\/wp-content\/uploads\/2025\/11\/IMG-20251119-WA0006.jpg 800w, https:\/\/lehautmazot.fr\/wp-content\/uploads\/2025\/11\/IMG-20251119-WA0006-300x225.jpg 300w, https:\/\/lehautmazot.fr\/wp-content\/uploads\/2025\/11\/IMG-20251119-WA0006-768x576.jpg 768w\" sizes=\"auto, (max-width: 800px) 100vw, 800px\" \/><\/figure>\n","protected":false},"excerpt":{"rendered":"<p>Nouveau compteur Linky Pour acc\u00e9der aux donn\u00e9es (HP et HC): Appuyer une fois sur la touche + : \u00ab Heure pleine \u00bb appara\u00eet Puis appuyer deux fois sur la touche + : \u00ab Heure creuse \u00bb appara\u00eet (Laisser le compteur dans cet \u00e9tat, il se r\u00e9initialisera automatiquement) Insert Cuve de fuel enterr\u00e9e Intervention le 18 [&hellip;]<\/p>\n","protected":false},"author":1,"featured_media":0,"parent":0,"menu_order":0,"comment_status":"closed","ping_status":"closed","template":"","meta":{"footnotes":""},"class_list":["post-16","page","type-page","status-publish","hentry"],"_links":{"self":[{"href":"https:\/\/lehautmazot.fr\/index.php\/wp-json\/wp\/v2\/pages\/16","targetHints":{"allow":["GET"]}}],"collection":[{"href":"https:\/\/lehautmazot.fr\/index.php\/wp-json\/wp\/v2\/pages"}],"about":[{"href":"https:\/\/lehautmazot.fr\/index.php\/wp-json\/wp\/v2\/types\/page"}],"author":[{"embeddable":true,"href":"https:\/\/lehautmazot.fr\/index.php\/wp-json\/wp\/v2\/users\/1"}],"replies":[{"embeddable":true,"href":"https:\/\/lehautmazot.fr\/index.php\/wp-json\/wp\/v2\/comments?post=16"}],"version-history":[{"count":4,"href":"https:\/\/lehautmazot.fr\/index.php\/wp-json\/wp\/v2\/pages\/16\/revisions"}],"predecessor-version":[{"id":97,"href":"https:\/\/lehautmazot.fr\/index.php\/wp-json\/wp\/v2\/pages\/16\/revisions\/97"}],"wp:attachment":[{"href":"https:\/\/lehautmazot.fr\/index.php\/wp-json\/wp\/v2\/media?parent=16"}],"curies":[{"name":"wp","href":"https:\/\/api.w.org\/{rel}","templated":true}]}}