{"id":24,"date":"2023-05-28T18:04:35","date_gmt":"2023-05-28T16:04:35","guid":{"rendered":"http:\/\/lehautmazot.fr\/?page_id=24"},"modified":"2024-10-08T17:36:40","modified_gmt":"2024-10-08T15:36:40","slug":"travaux-recents","status":"publish","type":"page","link":"https:\/\/lehautmazot.fr\/index.php\/travaux-recents\/","title":{"rendered":"Travaux r\u00e9cents"},"content":{"rendered":"\n<p>Travaux salle de douche du bas<\/p>\n\n\n\n<figure class=\"wp-block-image size-large\"><img loading=\"lazy\" decoding=\"async\" width=\"768\" height=\"1024\" src=\"https:\/\/lehautmazot.fr\/wp-content\/uploads\/2023\/05\/20220323_112531-768x1024.jpg\" alt=\"\" class=\"wp-image-25\" srcset=\"https:\/\/lehautmazot.fr\/wp-content\/uploads\/2023\/05\/20220323_112531-768x1024.jpg 768w, https:\/\/lehautmazot.fr\/wp-content\/uploads\/2023\/05\/20220323_112531-225x300.jpg 225w, https:\/\/lehautmazot.fr\/wp-content\/uploads\/2023\/05\/20220323_112531-1152x1536.jpg 1152w, https:\/\/lehautmazot.fr\/wp-content\/uploads\/2023\/05\/20220323_112531-1536x2048.jpg 1536w, https:\/\/lehautmazot.fr\/wp-content\/uploads\/2023\/05\/20220323_112531-scaled.jpg 1920w\" sizes=\"auto, (max-width: 768px) 100vw, 768px\" \/><\/figure>\n\n\n\n<p><\/p>\n\n\n\n<p><strong><em>Nouveau radiateur dans le salon<\/em><\/strong><\/p>\n\n\n\n<figure class=\"wp-block-image size-large\"><img loading=\"lazy\" decoding=\"async\" width=\"768\" height=\"1024\" src=\"https:\/\/lehautmazot.fr\/wp-content\/uploads\/2024\/10\/20240930_185148-768x1024.jpg\" alt=\"\" class=\"wp-image-76\" srcset=\"https:\/\/lehautmazot.fr\/wp-content\/uploads\/2024\/10\/20240930_185148-768x1024.jpg 768w, https:\/\/lehautmazot.fr\/wp-content\/uploads\/2024\/10\/20240930_185148-225x300.jpg 225w, https:\/\/lehautmazot.fr\/wp-content\/uploads\/2024\/10\/20240930_185148-1152x1536.jpg 1152w, https:\/\/lehautmazot.fr\/wp-content\/uploads\/2024\/10\/20240930_185148-1536x2048.jpg 1536w, https:\/\/lehautmazot.fr\/wp-content\/uploads\/2024\/10\/20240930_185148-scaled.jpg 1920w\" sizes=\"auto, (max-width: 768px) 100vw, 768px\" \/><\/figure>\n\n\n\n<p>Panneau rayonnant de 1500 W. Il vaut mieux le laisser \u00e0 19\u00b0C. En cas de n\u00e9cessit\u00e9, se reporter \u00e0 la notice de l&#8217;appareil (chambre du bas, armoire en angle)<\/p>\n\n\n\n<p><strong><em>Nouvelle peinture du chalet<\/em><\/strong><\/p>\n\n\n\n<figure class=\"wp-block-image size-large\"><img loading=\"lazy\" decoding=\"async\" width=\"1024\" height=\"768\" src=\"https:\/\/lehautmazot.fr\/wp-content\/uploads\/2024\/10\/20241002_124451-1024x768.jpg\" alt=\"\" class=\"wp-image-77\" srcset=\"https:\/\/lehautmazot.fr\/wp-content\/uploads\/2024\/10\/20241002_124451-1024x768.jpg 1024w, https:\/\/lehautmazot.fr\/wp-content\/uploads\/2024\/10\/20241002_124451-300x225.jpg 300w, https:\/\/lehautmazot.fr\/wp-content\/uploads\/2024\/10\/20241002_124451-768x576.jpg 768w, https:\/\/lehautmazot.fr\/wp-content\/uploads\/2024\/10\/20241002_124451-1536x1152.jpg 1536w, https:\/\/lehautmazot.fr\/wp-content\/uploads\/2024\/10\/20241002_124451-2048x1536.jpg 2048w\" sizes=\"auto, (max-width: 1024px) 100vw, 1024px\" \/><\/figure>\n","protected":false},"excerpt":{"rendered":"<p>Travaux salle de douche du bas Nouveau radiateur dans le salon Panneau rayonnant de 1500 W. Il vaut mieux le laisser \u00e0 19\u00b0C. En cas de n\u00e9cessit\u00e9, se reporter \u00e0 la notice de l&#8217;appareil (chambre du bas, armoire en angle) Nouvelle peinture du chalet<\/p>\n","protected":false},"author":1,"featured_media":0,"parent":0,"menu_order":0,"comment_status":"closed","ping_status":"closed","template":"","meta":{"footnotes":""},"class_list":["post-24","page","type-page","status-publish","hentry"],"_links":{"self":[{"href":"https:\/\/lehautmazot.fr\/index.php\/wp-json\/wp\/v2\/pages\/24","targetHints":{"allow":["GET"]}}],"collection":[{"href":"https:\/\/lehautmazot.fr\/index.php\/wp-json\/wp\/v2\/pages"}],"about":[{"href":"https:\/\/lehautmazot.fr\/index.php\/wp-json\/wp\/v2\/types\/page"}],"author":[{"embeddable":true,"href":"https:\/\/lehautmazot.fr\/index.php\/wp-json\/wp\/v2\/users\/1"}],"replies":[{"embeddable":true,"href":"https:\/\/lehautmazot.fr\/index.php\/wp-json\/wp\/v2\/comments?post=24"}],"version-history":[{"count":3,"href":"https:\/\/lehautmazot.fr\/index.php\/wp-json\/wp\/v2\/pages\/24\/revisions"}],"predecessor-version":[{"id":78,"href":"https:\/\/lehautmazot.fr\/index.php\/wp-json\/wp\/v2\/pages\/24\/revisions\/78"}],"wp:attachment":[{"href":"https:\/\/lehautmazot.fr\/index.php\/wp-json\/wp\/v2\/media?parent=24"}],"curies":[{"name":"wp","href":"https:\/\/api.w.org\/{rel}","templated":true}]}}