{"id":27,"date":"2023-05-28T18:11:30","date_gmt":"2023-05-28T16:11:30","guid":{"rendered":"http:\/\/lehautmazot.fr\/?page_id=27"},"modified":"2025-11-22T16:36:50","modified_gmt":"2025-11-22T15:36:50","slug":"consignes","status":"publish","type":"page","link":"https:\/\/lehautmazot.fr\/index.php\/consignes\/","title":{"rendered":"Consignes"},"content":{"rendered":"\n<p><strong>Consignes Ch\u00e2tel<\/strong><\/p>\n\n\n\n<p><strong>Derni\u00e8res modifications le 20\/11\/2025<\/strong><\/p>\n\n\n\n<ul class=\"wp-block-list\">\n<li><\/li>\n<\/ul>\n\n\n\n<p><strong>Avant tout s\u00e9jour<\/strong> \u00e0 Ch\u00e2tel, hiver comme \u00e9t\u00e9, m\u00eame pour un WE et m\u00eame en derni\u00e8re minute, informer Patrice afin de s\u2019assurer de la disponibilit\u00e9 du chalet et surtout de faire un bilan d\u2019occupation en fin d\u2019ann\u00e9e.<\/p>\n\n\n\n<p>R\u00e9servation obligatoire <strong>plusieurs semaines \u00e0 l\u2019avance pour les p\u00e9riodes de cong\u00e9s scolaires<\/strong> (risques de conflits possibles) et suffisamment \u00e0 l\u2019avance hors p\u00e9riodes scolaires (moins de risques de conflits) \u00e0 Patrice pour validation sur le site (page r\u00e9servation)<\/p>\n\n\n\n<p class=\"has-text-align-center has-luminous-vivid-orange-color has-text-color\"><strong>Arriv\u00e9e en hiver dans le chalet non occup\u00e9 pr\u00e9c\u00e9demment<\/strong><\/p>\n\n\n\n<p><strong>Deux jours avant le d\u00e9but du s\u00e9jour&nbsp;:<\/strong><\/p>\n\n\n\n<p>Mise en route \u00e0 distance du chauffage et de l\u2019eau chaude par Patrice ou Olivier<\/p>\n\n\n\n<p><strong>Arriv\u00e9e sur les lieux&nbsp;:<\/strong><\/p>\n\n\n\n<p><strong><em>\u00c9lectricit\u00e9&nbsp;:<\/em><\/strong><\/p>\n\n\n\n<p><strong>Relever le compteur d\u2019\u00e9lectricit\u00e9 LINKY \u00e0 l\u2019ext\u00e9rieur, derri\u00e8re le chalet<\/strong>. L\u2019ouverture de la boite se fait avec une cl\u00e9, ou un couteau, un quart de tour est suffisant \u2013 Noter ce relev\u00e9 dans le cahier<\/p>\n\n\n\n<p class=\"has-small-font-size\">Si la temp\u00e9rature du chalet est correcte, passer directement au paragraphe &#8220;eau&#8221;<\/p>\n\n\n\n<p>Sinon (pas de chauffage en route)&nbsp;:<\/p>\n\n\n\n<ol start=\"1\" style=\"list-style-type:1\" class=\"wp-block-list\">\n<li>Aller dans le cagibi ext\u00e9rieur \u00e0 l\u2019arri\u00e8re du chalet (cl\u00e9 marqu\u00e9e \u00ab&nbsp;cagibi&nbsp;\u00bb\u00e0 priori pos\u00e9e sur le petit rebord face \u00e0 la porte arri\u00e8re, \u00e0 c\u00f4t\u00e9 d\u2019une bo\u00eete avec des cl\u00e9s)<\/li>\n\n\n\n<li>V\u00e9rifier que l\u2019arriv\u00e9e g\u00e9n\u00e9rale est bien ouverte (position I) sur le tableau \u00e9lectrique au fond du cagibi.<\/li>\n\n\n\n<li>V\u00e9rifier que le voyant rouge \u00ab&nbsp;On&nbsp;\u00bb du boitier domotique est bien allum\u00e9 sur le circuit 2&nbsp; (les circuits 1 et 3 ne sont pas utilis\u00e9s, donc ne pas s\u2019en occuper)<\/li>\n\n\n\n<li>S\u2019il est \u00e9teint, appuyer sur&nbsp; l\u2019interrupteur \u00ab&nbsp;on&nbsp;\u00bb du circuit 2 (apr\u00e8s avoir soulev\u00e9 la vitre en plexiglas). Si le voyant s\u2019allume, alors le chauffage et le chauffe-eau se mettent en route<\/li>\n\n\n\n<li>Si la temp\u00e9rature du chalet est tr\u00e8s basse (qq degr\u00e9s), ne pas mettre l\u2019eau en route&nbsp;! Attendre que la temp\u00e9rature du chalet soit mont\u00e9e au-dessus de 10 degr\u00e9s<\/li>\n<\/ol>\n\n\n\n<p><strong><em>Eau<\/em><\/strong><\/p>\n\n\n\n<ol style=\"list-style-type:1\" class=\"wp-block-list\">\n<li>Fermer tous les robinets de purge: &#8211; petit robinet de vidange horizontal \u00e0 c\u00f4t\u00e9 du robinet d\u2019arriv\u00e9e g\u00e9n\u00e9rale pr\u00e8s du sol \u00e0 l\u2019int\u00e9rieur du chalet (buanderie, \u00e0 droite de la machine \u00e0 laver le linge &#8211; deux robinets de vidange entre le c\u00f4t\u00e9 droit du chauffe-eau et le mur &#8211; deux robinets de vidange dans le WC du bas<\/li>\n\n\n\n<li>Fermer tous les robinets de lavabo, \u00e9vier, douche, SdB, \u2026 qui \u00e9taient rest\u00e9s ouverts<\/li>\n\n\n\n<li><strong>Ouvrir l\u2019arriv\u00e9e du chauffe-eau: le robinet bleu \u00ab&nbsp;quart-de-tour&nbsp;\u00bb doit \u00eatre mis en position horizontale<\/strong><\/li>\n\n\n\n<li>Ouvrir l\u2019arriv\u00e9e g\u00e9n\u00e9rale int\u00e9rieure (robinet vertical en cuivre pr\u00e8s du sol, \u00e0 droite de la machine \u00e0 laver le linge)<\/li>\n\n\n\n<li>Ouvrir un robinet d\u2019eau chaude pour purger l\u2019air r\u00e9siduel dans le chauffe-eau jusqu\u2019\u00e0 ce que l\u2019eau coule).<\/li>\n\n\n\n<li>S\u2019assurer qu\u2019il n\u2019y a pas de fuite.<\/li>\n\n\n\n<li><strong>En cas de fuite importante (tuyau perc\u00e9 par le gel), fermer le robinet int\u00e9rieur et appeler d\u2019urgence le plombier&nbsp;: M. PREMAT&nbsp;: 04 50 73 39 29 ou&nbsp; 06 03 29 89 22 <\/strong><\/li>\n\n\n\n<li>Mettre en route le frigo (thermostat du frigo sur position 1 \u00e0 6)<\/li>\n\n\n\n<li>Si tout va bien (en g\u00e9n\u00e9ral le cas, si la fermeture a \u00e9t\u00e9 bien faite), vous pouvez boire un coup (d\u2019eau) avant de passer \u00e0 l\u2019\u00e9tape suivante.<\/li>\n<\/ol>\n\n\n\n<p><strong><em>Divers\u00a0:<\/em><\/strong><\/p>\n\n\n\n<p>Le chauffage et l\u2019eau \u00e9tant ok, une grande \u00e9tape a \u00e9t\u00e9 franchie. Restent quelques d\u00e9tails&nbsp;:<\/p>\n\n\n\n<p>Gaz<strong>&nbsp;:<\/strong><\/p>\n\n\n\n<ol start=\"1\" style=\"list-style-type:1\" class=\"wp-block-list\">\n<li>Ouvrir la bouteille sous le plan de travail \u2013 <strong>Penser \u00e0 bien appuyer sur le petit bouton poussoir sous le manom\u00e8tre pour enclencher le d\u00e9tendeur<\/strong><\/li>\n\n\n\n<li>Si bouteille vide (en cours de s\u00e9jour), remplacer par celle qui est \u00e0 c\u00f4t\u00e9 et acheter une nouvelle bouteille en \u00e9change de la vide.<\/li>\n<\/ol>\n\n\n\n<p>Insert<strong>:<\/strong> Voir notice<\/p>\n\n\n\n<p class=\"has-text-align-center has-luminous-vivid-orange-color has-text-color\"><strong>Arriv\u00e9e dans le chalet en position \u00ab&nbsp;hors gel&nbsp;\u00bb ou chauffage au ralenti<\/strong> <strong>et occup\u00e9 depuis peu<\/strong><\/p>\n\n\n\n<p>\u00c9lectricit\u00e9<strong><em><u>:<\/u><\/em><\/strong><\/p>\n\n\n\n<p><strong>Relever le compteur d\u2019\u00e9lectricit\u00e9 \u00e0 l\u2019ext\u00e9rieur, derri\u00e8re le chalet<\/strong>. L\u2019ouverture de la boite se fait avec une cl\u00e9, ou un couteau, un quart de tour est suffisant \u2013 Noter ce relev\u00e9 dans le cahier (attention, HP et HC, Heures Pleines et Heures Creuses).<\/p>\n\n\n\n<p>Monter la temp\u00e9rature du chalet en jouant sur les thermostats des radiateurs. V\u00e9rification de la temp\u00e9rature du chalet. Si ok, passer \u00e0 l\u2019\u00e9tape \u00ab&nbsp;Eau&nbsp;\u00bb,<\/p>\n\n\n\n<p><strong><em>Eau\u00a0:<\/em><\/strong><\/p>\n\n\n\n<ol start=\"1\" style=\"list-style-type:1\" class=\"wp-block-list\">\n<li>Si la temp\u00e9rature du chalet est tr\u00e8s basse (qq degr\u00e9s), ne pas mettre l\u2019eau en route&nbsp;! Attendre que la temp\u00e9rature du chalet soit mont\u00e9e au-dessus de 10 degr\u00e9s<\/li>\n\n\n\n<li>Ouvrir l\u2019arriv\u00e9e g\u00e9n\u00e9rale int\u00e9rieure (robinet vertical en cuivre pr\u00e8s du sol, \u00e0 droite de la machine \u00e0 laver le linge)<\/li>\n\n\n\n<li>S\u2019assurer qu\u2019il n\u2019y a pas de fuite.<\/li>\n\n\n\n<li><strong>En cas de fuite <strong>(tuyau perc\u00e9 par le gel)<\/strong>, fermer le robinet int\u00e9rieur et appeler d\u2019urgence le plombier&nbsp;: M. PREMAT&nbsp;: 04 50 73 39 29 ou&nbsp; 06 03 29 89 22 <\/strong><\/li>\n<\/ol>\n\n\n\n<p><strong><em><u>Divers&nbsp;:<\/u><\/em><\/strong><\/p>\n\n\n\n<p>Voir paragraphe pr\u00e9c\u00e9dent<strong><br><\/strong><\/p>\n\n\n\n<p class=\"has-text-align-center has-vivid-green-cyan-color has-text-color\"><strong>D\u00e9part du chalet avec fermeture compl\u00e8te et vidange<\/strong> <\/p>\n\n\n\n<p class=\"has-text-align-center has-vivid-green-cyan-color has-text-color\">(si s\u00e9jour suivant dans plus d\u2019une semaine &nbsp;entre d\u00e9cembre et mars)<\/p>\n\n\n\n<p><strong><em>Eau- Bien respecter l\u2019ordre des op\u00e9rations\u00a0:<\/em><\/strong><\/p>\n\n\n\n<ol style=\"list-style-type:1\" class=\"wp-block-list\">\n<li>Fermer l\u2019arriv\u00e9e g\u00e9n\u00e9rale int\u00e9rieure (robinet vertical en cuivre pr\u00e8s du sol, \u00e0 droite de la machine \u00e0 laver le linge)<\/li>\n\n\n\n<li>Ouvrir tous les robinets de lavabo, \u00e9vier, douche, SdB, \u2026 et les laisser ouverts <strong>\u2013 ne pas oublier le lavabo dans la chambre (placard).<\/strong><\/li>\n\n\n\n<li>Ouvrir tous les robinets de purge&nbsp;(dans l\u2019ordre):<ol><li>deux robinets de vidange entre le c\u00f4t\u00e9 droit du chauffe-eau et le mur. Laisser l\u2019eau s\u2019\u00e9couler dans le r\u00e9servoir \u00e0 cet effet. Si un des robinets tombe, il y a une petite grille de pr\u00e9vue pour pouvoir le r\u00e9cup\u00e9rer.<\/li><\/ol><ol><li>deux robinets de vidange dans le WC du bas. D\u00e9visser enti\u00e8rement les robinets et souffler dans les deux ouvertures pour chasser d\u2019\u00e9ventuelles traces d\u2019eau r\u00e9siduelles. Remettre les robinets en place.<\/li><\/ol>\n<ol class=\"wp-block-list\">\n<li>Petit robinet de vidange horizontal \u00e0 c\u00f4t\u00e9 du robinet d\u2019arriv\u00e9e g\u00e9n\u00e9rale pr\u00e8s du sol \u00e0 l\u2019int\u00e9rieur du chalet (chaufferie, \u00e0 droite de la machine \u00e0 laver le linge)<\/li>\n<\/ol>\n<\/li>\n\n\n\n<li>Fermer l\u2019arriv\u00e9e du chauffe-eau: le robinet bleu \u00ab&nbsp;quart-de-tour&nbsp;\u00bb doit \u00eatre mis en position verticale&nbsp;<\/li>\n\n\n\n<li>Tirer la chasse d\u2019eau des WC et bien attendre qu\u2019il ne reste plus d\u2019eau dans les r\u00e9servoirs<\/li>\n\n\n\n<li>D\u00e9brancher (d\u00e9visser) le tuyau d\u2019arriv\u00e9e d\u2019eau du LV en essayant de vider au maximum l\u2019eau contenue dans le flexible et le remettre en place ensuite.<\/li>\n\n\n\n<li>Verser du m\u00e9lange hors gel (liquide de refroidissement, liquide hors gel, \u2026) dans les siphons de l\u2019\u00e9vier, du lave-vaisselle, des lavabos des SdB, WC et de la chambre (lavabo dans l\u2019armoire) du haut, de la baignoire et du bac de douche et des deux cuvettes de WC (pas besoin d\u2019en verser des quantit\u00e9s trop importantes, un litre en tout doit \u00eatre suffisant)<\/li>\n<\/ol>\n\n\n\n<p class=\"has-small-font-size\"><strong>\u00c9lectricit\u00e9<\/strong>:<\/p>\n\n\n\n<p><strong>Relever le compteur d\u2019\u00e9lectricit\u00e9 LINKY \u00e0 l\u2019ext\u00e9rieur, derri\u00e8re le chalet<\/strong>. L\u2019ouverture de la boite se fait avec une cl\u00e9, ou un couteau, un quart de tour est suffisant \u2013 Noter ce relev\u00e9 dans le cahier (voir manipulation du compteur au d\u00e9but de cette notice)<\/p>\n\n\n\n<ol start=\"1\" style=\"list-style-type:1\" class=\"wp-block-list\">\n<li>Couper tous les radiateurs sauf les deux du s\u00e9jour, celui du couloir et celui de la cuisine<\/li>\n\n\n\n<li>Mettre le radiateur du s\u00e9jour c\u00f4t\u00e9 table \u00e0 18\u00b0C et le nouveau panneau rayonnant gris anthracite \u00e0 19 \u00b0C, ceux du couloir &nbsp;et de la cuisine en position m\u00e9diane.<\/li>\n<\/ol>\n\n\n\n<ol start=\"1\" style=\"list-style-type:1\" class=\"wp-block-list\">\n<li>S\u2019assurer que le radiateur de la buanderie est bien allum\u00e9 et en position hors gel <strong>et que la porte de la buanderie est bien ferm\u00e9e<\/strong><\/li>\n\n\n\n<li><strong>Penser \u00e0 fermer le radiateur de la SdB du haut, car il n\u2019est pas branch\u00e9 sur le circuit de chauffage<\/strong><\/li>\n\n\n\n<li>S\u2019assurer que toutes les lumi\u00e8res sont bien \u00e9teintes.<\/li>\n\n\n\n<li>Arr\u00eater le frigo (thermostat du frigo \u00e0 l\u2019arr\u00eat, inutile de d\u00e9brancher le frigo) et s\u2019assurer que la porte est bien bloqu\u00e9e en position ouverte<\/li>\n\n\n\n<li>D\u00e9brancher la prise secteur de la TV et laisser toutes les portes ouvertes (sauf celle de la buanderie)<\/li>\n\n\n\n<li>Aller dans le cagibi et appuyer sur l\u2019interrupteur \u00ab&nbsp;off&nbsp;\u00bb du circuit 2. V\u00e9rifier que le voyant rouge \u00ab&nbsp;On&nbsp;\u00bb du boitier domotique est bien \u00e9teint sur le circuit 2 (les circuits 1 et 3 ne sont pas utilis\u00e9s, donc ne pas s\u2019en occuper) \u2013 s\u2019assurer que le circuit est bien coup\u00e9 en v\u00e9rifiant que les deux radiateurs du salon sont d\u00e9connect\u00e9s (voyants rouge ou vert bien \u00e9teints) .<\/li>\n\n\n\n<li><strong>Ne surtout pas couper l\u2019arriv\u00e9e g\u00e9n\u00e9rale d\u2019\u00e9lectricit\u00e9 (laisser l\u2019interrupteur en position I)<\/strong><\/li>\n<\/ol>\n\n\n\n<p><strong><em>Divers\u00a0:<\/em><\/strong><\/p>\n\n\n\n<p>S\u2019assurer que la cl\u00e9 du cagibi est bien pos\u00e9e pr\u00e8s de la bo\u00eete \u00e0 cl\u00e9s pour faciliter l\u2019ouverture par les suivants<\/p>\n\n\n\n<p>Fermer tous les volets<\/p>\n\n\n\n<p>Gaz&nbsp;: Fermer la bouteille sous le plan de travail<\/p>\n\n\n\n<p class=\"has-text-align-center has-vivid-green-cyan-color has-text-color\"><strong>D\u00e9part du chalet et<\/strong> <strong>s\u00e9jour suivant dans plus d\u2019une semaine sans risque de gel (\u00e0 partir mars<\/strong><\/p>\n\n\n\n<ol start=\"1\" style=\"list-style-type:1\" class=\"wp-block-list\">\n<li><\/li>\n<\/ol>\n\n\n\n<p><strong><em>Eau<\/em><\/strong>\u00a0:<\/p>\n\n\n\n<ol start=\"1\" style=\"list-style-type:1\" class=\"wp-block-list\">\n<li>Fermer l\u2019arriv\u00e9e g\u00e9n\u00e9rale int\u00e9rieure (robinet vertical en cuivre pr\u00e8s du sol, \u00e0 droite de la machine \u00e0 laver le linge)<\/li>\n<\/ol>\n\n\n\n<p><strong><em>\u00c9lectricit\u00e9\u00a0:<\/em><\/strong><\/p>\n\n\n\n<p><strong>Relever le compteur d\u2019\u00e9lectricit\u00e9 LINKY \u00e0 l\u2019ext\u00e9rieur, derri\u00e8re le chalet<\/strong>. L\u2019ouverture de la boite se fait avec une cl\u00e9, ou un couteau, un quart de tour est suffisant \u2013 Noter ce relev\u00e9 dans le cahier (voir manipulation du compteur au d\u00e9but de cette notice)<\/p>\n\n\n\n<ol start=\"1\" style=\"list-style-type:1\" class=\"wp-block-list\">\n<li>Couper tous les radiateurs sauf les deux du s\u00e9jour, celui du couloir et celui de la cuisine<\/li>\n\n\n\n<li>Mettre le radiateur du s\u00e9jour c\u00f4t\u00e9 table \u00e0 12\u00b0C et le nouveau panneau rayonnant gris anthracite \u00e0 19 \u00b0C, ceux du couloir &nbsp;et de la cuisine en position m\u00e9diane (3)<\/li>\n\n\n\n<li>S\u2019assurer que le radiateur de la buanderie est bien allum\u00e9 et en position hors gel <strong>et que la porte de la buanderie est bien ferm\u00e9e<\/strong><\/li>\n\n\n\n<li><strong>Penser \u00e0 fermer le radiateur de la SdB du haut, car il n\u2019est pas branch\u00e9 sur le circuit de chauffage<\/strong><\/li>\n\n\n\n<li>S\u2019assurer que toutes les lumi\u00e8res sont bien \u00e9teintes et laisser toutes les portes ouvertes (sauf celle de la buanderie)<\/li>\n\n\n\n<li>Arr\u00eater le frigo (thermostat du frigo \u00e0 l\u2019arr\u00eat, inutile de d\u00e9brancher le frigo) et s\u2019assurer que la porte est bien bloqu\u00e9e en position ouverte<\/li>\n\n\n\n<li>D\u00e9brancher la prise secteur de la TV<\/li>\n\n\n\n<li>Aller dans le cagibi et appuyer sur l\u2019interrupteur \u00ab&nbsp;off&nbsp;\u00bb du circuit 2 (voir figure 1). V\u00e9rifier que le voyant rouge \u00ab&nbsp;On&nbsp;\u00bb du boitier domotique est bien \u00e9teint sur le circuit 2 (les circuits 1 et 3 ne sont pas utilis\u00e9s, donc ne pas s\u2019en occuper) \u2013 s\u2019assurer que le circuit est bien coup\u00e9 en v\u00e9rifiant que les deux radiateurs du salon sont d\u00e9connect\u00e9s (voyants rouge ou vert bien \u00e9teints) .<\/li>\n\n\n\n<li><strong>Ne surtout pas couper l\u2019arriv\u00e9e g\u00e9n\u00e9rale d\u2019\u00e9lectricit\u00e9 (laisser l\u2019interrupteur en position I)<\/strong><\/li>\n<\/ol>\n\n\n\n<p><strong><em>Divers\u00a0:<\/em><\/strong><\/p>\n\n\n\n<p>S\u2019assurer que la cl\u00e9 du cagibi est bien pos\u00e9e pr\u00e8s de la bo\u00eete \u00e0 cl\u00e9s pour faciliter l\u2019ouverture par les suivants<\/p>\n\n\n\n<p>Fermer tous les volets<\/p>\n\n\n\n<p>Gaz&nbsp;: Fermer la bouteille sous le plan de travail<\/p>\n\n\n\n<ol start=\"2\" style=\"list-style-type:1\" class=\"wp-block-list\">\n<li><\/li>\n<\/ol>\n\n\n\n<p class=\"has-text-align-center has-vivid-green-cyan-color has-text-color\"><strong>D\u00e9part du chalet avec fermeture sans vidange et chauffage ralenti<\/strong> <strong>si s\u00e9jour suivant dans moins d\u2019une semaine (qq jours&nbsp;!)<\/strong><\/p>\n\n\n\n<p><strong><em>Eau<\/em><\/strong>\u00a0: Fermer l\u2019arriv\u00e9e g\u00e9n\u00e9rale int\u00e9rieure (robinet vertical en cuivre pr\u00e8s du sol, \u00e0 droite de la machine \u00e0 laver le linge)<\/p>\n\n\n\n<ol start=\"2\" style=\"list-style-type:1\" class=\"wp-block-list\">\n<li><\/li>\n<\/ol>\n\n\n\n<p><strong>Relever le compteur d\u2019\u00e9lectricit\u00e9 \u00e0 l\u2019ext\u00e9rieur, derri\u00e8re le chalet<\/strong>. L\u2019ouverture de la boite se fait avec une cl\u00e9, ou un couteau, un quart de tour est suffisant \u2013 Noter ce relev\u00e9 dans le cahier (attention, HP et HC, Heures Pleines et Heures Creuses).<\/p>\n\n\n\n<ol start=\"1\" style=\"list-style-type:1\" class=\"wp-block-list\">\n<li>Mettre le radiateur du s\u00e9jour c\u00f4t\u00e9 table \u00e0 15\u00b0C et le nouveau panneau rayonnant gris anthracite \u00e0 19 \u00b0C, ceux du couloir &nbsp;et de la cuisine en position m\u00e9diane<\/li>\n\n\n\n<li>\u00c9teindre tous les autres radiateurs (sauf chaufferie, laisser en position HG)<\/li>\n\n\n\n<li>Laisser les portes des chambres, SdB, WC ouvertes<\/li>\n\n\n\n<li>Bien fermer toutes les lumi\u00e8res, \u00e9teindre la t\u00e9l\u00e9<\/li>\n\n\n\n<li>Laisser le frigo branch\u00e9<\/li>\n<\/ol>\n\n\n\n<p><strong><em>Divers\u00a0:<\/em><\/strong><\/p>\n\n\n\n<p>Fermer tous les volets<\/p>\n\n\n\n<p>S\u2019assurer que la cl\u00e9 du cagibi est bien pos\u00e9e pr\u00e8s de la bo\u00eete \u00e0 cl\u00e9s pour faciliter l\u2019ouverture par les suivants<\/p>\n\n\n\n<p>Gaz&nbsp;: Fermer la bouteille sous le plan de travail<\/p>\n\n\n\n<p><strong><em>Utilisation de l&#8217;insert<\/em><\/strong><\/p>\n\n\n\n<ol start=\"1\" style=\"list-style-type:1\" class=\"wp-block-list\">\n<li><\/li>\n<\/ol>\n\n\n\n<ul class=\"wp-block-list\">\n<li><strong>Contrairement aux id\u00e9es re\u00e7ues, mieux vaut allumer le feu par le haut<\/strong> :<\/li>\n<\/ul>\n\n\n\n<ol start=\"1\" class=\"wp-block-list\">\n<li>Je d\u00e9pose en premier les b\u00fbches.<\/li>\n\n\n\n<li>Je dispose le petit bois par-dessus.<\/li>\n\n\n\n<li>J\u2019allume en m\u2019aidant d\u2019un allume-feu naturel (laine de bois ou bien rondelle de b\u00fbche densifi\u00e9e).<\/li>\n<\/ol>\n\n\n\n<ul class=\"wp-block-list\">\n<li><strong>Les fum\u00e9es g\u00e9n\u00e9r\u00e9es par la combustion sont capt\u00e9es<\/strong> et consum\u00e9es par les flammes qui les surplombent.<\/li>\n\n\n\n<li><strong>Allumer le feu par le haut permet de&nbsp;:<\/strong>\n<ul class=\"wp-block-list\">\n<li>Polluer moins.<\/li>\n\n\n\n<li>Allumer plus rapidement.<\/li>\n\n\n\n<li>Consommer moins de bois que la m\u00e9thode classique.<\/li>\n\n\n\n<li>&nbsp;<\/li>\n<\/ul>\n<\/li>\n\n\n\n<li><strong>Il faut que les flammes soient assez vives<\/strong>, sans \u00eatre aspir\u00e9es par le conduit de fum\u00e9es.<\/li>\n\n\n\n<li>Pour cela,&nbsp;<strong>je r\u00e8gle le tirage de mon appareil <\/strong>(c\u2019est-\u00e0-dire l\u2019aspiration d\u2019air dans le conduit) pour obtenir la meilleure combustion possible.\n<ul class=\"wp-block-list\">\n<li><strong>Ouvrez toutes les entr\u00e9es d\u2019air \u00e0 l\u2019allumage<\/strong> ou lors du rechargement.<\/li>\n\n\n\n<li><strong>R\u00e9duisez les entr\u00e9es d&#8217;air quand le feu a bien pris<\/strong>, sans jamais les fermer compl\u00e8tement,&nbsp;m\u00eame la nuit.<\/li>\n\n\n\n<li>Attention : <strong>une vitre encrass\u00e9e signale une mauvaise combustion<\/strong>. Pensez alors \u00e0 ouvrir les entr\u00e9es d\u2019air.<\/li>\n<\/ul>\n<\/li>\n\n\n\n<li><strong>Respectez les consignes de la notice de votre appareil<\/strong>. Tous les appareils ne fonctionnent pas de la m\u00eame mani\u00e8re. La notice fournie par le fabricant donne des indications pr\u00e9cises sur le chargement en combustible ou encore le r\u00e9glage du tirage.<\/li>\n<\/ul>\n\n\n\n<p><strong>Liste des artisans :<\/strong><\/p>\n\n\n\n<p><strong>\u00c9lectricien<\/strong><\/p>\n\n\n\n<p><a href=\"https:\/\/www.pagesjaunes.fr\/pros\/07931346\"><\/a><a href=\"https:\/\/www.pagesjaunes.fr\/pros\/07931346\">Service D\u00e9pannage Entretien<\/a><\/p>\n\n\n\n<p><a href=\"https:\/\/www.pagesjaunes.fr\/pros\/07931346\"><\/a><a href=\"https:\/\/www.pagesjaunes.fr\/annuaire\/chercherlespros?quoiqui=%C3%A9lectricien&amp;ou=Ch%C3%A2tel+%2874390%29&amp;univers=pagesjaunes&amp;idOu=#\">Les Armaillis 74390 \u00a0Ch\u00e2tel Voir le plan<\/a><\/p>\n\n\n\n<p>T\u00e9l : 06 08 63 00 60<\/p>\n\n\n\n<p><strong>Plombier<\/strong><\/p>\n\n\n\n<p>Premat<\/p>\n\n\n\n<p> Tel 04 50 73 39 29   Mobile 06 03 29 89 22 <\/p>\n\n\n\n<p><a href=\"https:\/\/www.pagesjaunes.fr\/pros\/08007820#\"><a href=\"https:\/\/www.pagesjaunes.fr\/carte?code_etablissement=08007820&amp;code_localite=07406300&amp;code_rubrique=30208000\">chemin Grandes Mouilles 74390 Ch\u00e2tel<\/a>\u00a0<\/a><\/p>\n\n\n\n<p><\/p>\n","protected":false},"excerpt":{"rendered":"<p>Consignes Ch\u00e2tel Derni\u00e8res modifications le 20\/11\/2025 Avant tout s\u00e9jour \u00e0 Ch\u00e2tel, hiver comme \u00e9t\u00e9, m\u00eame pour un WE et m\u00eame en derni\u00e8re minute, informer Patrice afin de s\u2019assurer de la disponibilit\u00e9 du chalet et surtout de faire un bilan d\u2019occupation en fin d\u2019ann\u00e9e. R\u00e9servation obligatoire plusieurs semaines \u00e0 l\u2019avance pour les p\u00e9riodes de cong\u00e9s scolaires [&hellip;]<\/p>\n","protected":false},"author":1,"featured_media":0,"parent":0,"menu_order":0,"comment_status":"closed","ping_status":"closed","template":"","meta":{"footnotes":""},"class_list":["post-27","page","type-page","status-publish","hentry"],"_links":{"self":[{"href":"https:\/\/lehautmazot.fr\/index.php\/wp-json\/wp\/v2\/pages\/27","targetHints":{"allow":["GET"]}}],"collection":[{"href":"https:\/\/lehautmazot.fr\/index.php\/wp-json\/wp\/v2\/pages"}],"about":[{"href":"https:\/\/lehautmazot.fr\/index.php\/wp-json\/wp\/v2\/types\/page"}],"author":[{"embeddable":true,"href":"https:\/\/lehautmazot.fr\/index.php\/wp-json\/wp\/v2\/users\/1"}],"replies":[{"embeddable":true,"href":"https:\/\/lehautmazot.fr\/index.php\/wp-json\/wp\/v2\/comments?post=27"}],"version-history":[{"count":11,"href":"https:\/\/lehautmazot.fr\/index.php\/wp-json\/wp\/v2\/pages\/27\/revisions"}],"predecessor-version":[{"id":100,"href":"https:\/\/lehautmazot.fr\/index.php\/wp-json\/wp\/v2\/pages\/27\/revisions\/100"}],"wp:attachment":[{"href":"https:\/\/lehautmazot.fr\/index.php\/wp-json\/wp\/v2\/media?parent=27"}],"curies":[{"name":"wp","href":"https:\/\/api.w.org\/{rel}","templated":true}]}}